{"id":114,"date":"2020-07-16T04:16:25","date_gmt":"2020-07-16T04:16:25","guid":{"rendered":"https:\/\/kaiser-pavillon-fulda.de\/index.php\/about-us\/"},"modified":"2026-03-17T06:51:34","modified_gmt":"2026-03-17T06:51:34","slug":"buffet","status":"publish","type":"page","link":"https:\/\/kaiser-pavillon-fulda.de\/index.php\/buffet\/","title":{"rendered":"Buffet"},"content":{"rendered":"\t\t<div data-elementor-type=\"wp-page\" data-elementor-id=\"114\" class=\"elementor elementor-114\">\n\t\t\t\t\t\t\t\t\t<section class=\"elementor-section elementor-top-section elementor-element elementor-element-bd442b4 elementor-section-boxed elementor-section-height-default elementor-section-height-default\" data-id=\"bd442b4\" data-element_type=\"section\" data-settings=\"{&quot;background_background&quot;:&quot;classic&quot;}\">\n\t\t\t\t\t\t\t<div class=\"elementor-background-overlay\"><\/div>\n\t\t\t\t\t\t\t<div class=\"elementor-container elementor-column-gap-no\">\n\t\t\t\t\t<div class=\"elementor-column elementor-col-100 elementor-top-column elementor-element elementor-element-e8732b9\" data-id=\"e8732b9\" data-element_type=\"column\">\n\t\t\t<div class=\"elementor-widget-wrap elementor-element-populated\">\n\t\t\t\t\t\t\t\t<div class=\"elementor-element elementor-element-4179f02 elementor-widget elementor-widget-heading\" data-id=\"4179f02\" data-element_type=\"widget\" data-widget_type=\"heading.default\">\n\t\t\t\t<div class=\"elementor-widget-container\">\n\t\t\t<style>\/*! elementor - v3.11.4 - 12-03-2023 *\/\n.elementor-heading-title{padding:0;margin:0;line-height:1}.elementor-widget-heading .elementor-heading-title[class*=elementor-size-]>a{color:inherit;font-size:inherit;line-height:inherit}.elementor-widget-heading .elementor-heading-title.elementor-size-small{font-size:15px}.elementor-widget-heading .elementor-heading-title.elementor-size-medium{font-size:19px}.elementor-widget-heading .elementor-heading-title.elementor-size-large{font-size:29px}.elementor-widget-heading .elementor-heading-title.elementor-size-xl{font-size:39px}.elementor-widget-heading .elementor-heading-title.elementor-size-xxl{font-size:59px}<\/style><h1 class=\"elementor-heading-title elementor-size-default\">buffet<\/h1>\t\t<\/div>\n\t\t\t\t<\/div>\n\t\t\t\t<div class=\"elementor-element elementor-element-31cb7f0 elementor-widget-divider--view-line elementor-widget elementor-widget-divider\" data-id=\"31cb7f0\" data-element_type=\"widget\" data-widget_type=\"divider.default\">\n\t\t\t\t<div class=\"elementor-widget-container\">\n\t\t\t<style>\/*! elementor - v3.11.4 - 12-03-2023 *\/\n.elementor-widget-divider{--divider-border-style:none;--divider-border-width:1px;--divider-color:#2c2c2c;--divider-icon-size:20px;--divider-element-spacing:10px;--divider-pattern-height:24px;--divider-pattern-size:20px;--divider-pattern-url:none;--divider-pattern-repeat:repeat-x}.elementor-widget-divider .elementor-divider{display:flex}.elementor-widget-divider .elementor-divider__text{font-size:15px;line-height:1;max-width:95%}.elementor-widget-divider .elementor-divider__element{margin:0 var(--divider-element-spacing);flex-shrink:0}.elementor-widget-divider .elementor-icon{font-size:var(--divider-icon-size)}.elementor-widget-divider .elementor-divider-separator{display:flex;margin:0;direction:ltr}.elementor-widget-divider--view-line_icon .elementor-divider-separator,.elementor-widget-divider--view-line_text .elementor-divider-separator{align-items:center}.elementor-widget-divider--view-line_icon .elementor-divider-separator:after,.elementor-widget-divider--view-line_icon .elementor-divider-separator:before,.elementor-widget-divider--view-line_text .elementor-divider-separator:after,.elementor-widget-divider--view-line_text .elementor-divider-separator:before{display:block;content:\"\";border-bottom:0;flex-grow:1;border-top:var(--divider-border-width) var(--divider-border-style) var(--divider-color)}.elementor-widget-divider--element-align-left .elementor-divider .elementor-divider-separator>.elementor-divider__svg:first-of-type{flex-grow:0;flex-shrink:100}.elementor-widget-divider--element-align-left .elementor-divider-separator:before{content:none}.elementor-widget-divider--element-align-left .elementor-divider__element{margin-left:0}.elementor-widget-divider--element-align-right .elementor-divider .elementor-divider-separator>.elementor-divider__svg:last-of-type{flex-grow:0;flex-shrink:100}.elementor-widget-divider--element-align-right .elementor-divider-separator:after{content:none}.elementor-widget-divider--element-align-right .elementor-divider__element{margin-right:0}.elementor-widget-divider:not(.elementor-widget-divider--view-line_text):not(.elementor-widget-divider--view-line_icon) .elementor-divider-separator{border-top:var(--divider-border-width) var(--divider-border-style) var(--divider-color)}.elementor-widget-divider--separator-type-pattern{--divider-border-style:none}.elementor-widget-divider--separator-type-pattern.elementor-widget-divider--view-line .elementor-divider-separator,.elementor-widget-divider--separator-type-pattern:not(.elementor-widget-divider--view-line) .elementor-divider-separator:after,.elementor-widget-divider--separator-type-pattern:not(.elementor-widget-divider--view-line) .elementor-divider-separator:before,.elementor-widget-divider--separator-type-pattern:not([class*=elementor-widget-divider--view]) .elementor-divider-separator{width:100%;min-height:var(--divider-pattern-height);-webkit-mask-size:var(--divider-pattern-size) 100%;mask-size:var(--divider-pattern-size) 100%;-webkit-mask-repeat:var(--divider-pattern-repeat);mask-repeat:var(--divider-pattern-repeat);background-color:var(--divider-color);-webkit-mask-image:var(--divider-pattern-url);mask-image:var(--divider-pattern-url)}.elementor-widget-divider--no-spacing{--divider-pattern-size:auto}.elementor-widget-divider--bg-round{--divider-pattern-repeat:round}.rtl .elementor-widget-divider .elementor-divider__text{direction:rtl}.e-con-inner>.elementor-widget-divider,.e-con>.elementor-widget-divider{width:var(--container-widget-width,100%);--flex-grow:var(--container-widget-flex-grow)}<\/style>\t\t<div class=\"elementor-divider\">\n\t\t\t<span class=\"elementor-divider-separator\">\n\t\t\t\t\t\t<\/span>\n\t\t<\/div>\n\t\t\t\t<\/div>\n\t\t\t\t<\/div>\n\t\t\t\t\t<\/div>\n\t\t<\/div>\n\t\t\t\t\t\t\t<\/div>\n\t\t<\/section>\n\t\t\t\t<section class=\"elementor-section elementor-top-section elementor-element elementor-element-f71bb75 elementor-section-boxed elementor-section-height-default elementor-section-height-default\" data-id=\"f71bb75\" data-element_type=\"section\" data-settings=\"{&quot;background_background&quot;:&quot;gradient&quot;}\">\n\t\t\t\t\t\t<div class=\"elementor-container elementor-column-gap-no\">\n\t\t\t\t\t<div class=\"elementor-column elementor-col-100 elementor-top-column elementor-element elementor-element-3d8a226\" data-id=\"3d8a226\" data-element_type=\"column\">\n\t\t\t<div class=\"elementor-widget-wrap elementor-element-populated\">\n\t\t\t\t\t\t\t\t<section class=\"elementor-section elementor-inner-section elementor-element elementor-element-890c743 elementor-section-boxed elementor-section-height-default elementor-section-height-default\" data-id=\"890c743\" data-element_type=\"section\">\n\t\t\t\t\t\t<div class=\"elementor-container elementor-column-gap-no\">\n\t\t\t\t\t<div class=\"elementor-column elementor-col-100 elementor-inner-column elementor-element elementor-element-c08f970\" data-id=\"c08f970\" data-element_type=\"column\">\n\t\t\t<div class=\"elementor-widget-wrap elementor-element-populated\">\n\t\t\t\t\t\t\t\t<div class=\"elementor-element elementor-element-06722e1 elementor-widget elementor-widget-heading\" data-id=\"06722e1\" data-element_type=\"widget\" data-widget_type=\"heading.default\">\n\t\t\t\t<div class=\"elementor-widget-container\">\n\t\t\t<h2 class=\"elementor-heading-title elementor-size-default\">Wir freuen uns auf Ihre Reservierung<\/h2>\t\t<\/div>\n\t\t\t\t<\/div>\n\t\t\t\t<div class=\"elementor-element elementor-element-5358b92 elementor-widget elementor-widget-text-editor\" data-id=\"5358b92\" data-element_type=\"widget\" data-widget_type=\"text-editor.default\">\n\t\t\t\t<div class=\"elementor-widget-container\">\n\t\t\t<style>\/*! elementor - v3.11.4 - 12-03-2023 *\/\n.elementor-widget-text-editor.elementor-drop-cap-view-stacked .elementor-drop-cap{background-color:#818a91;color:#fff}.elementor-widget-text-editor.elementor-drop-cap-view-framed .elementor-drop-cap{color:#818a91;border:3px solid;background-color:transparent}.elementor-widget-text-editor:not(.elementor-drop-cap-view-default) .elementor-drop-cap{margin-top:8px}.elementor-widget-text-editor:not(.elementor-drop-cap-view-default) .elementor-drop-cap-letter{width:1em;height:1em}.elementor-widget-text-editor .elementor-drop-cap{float:left;text-align:center;line-height:1;font-size:50px}.elementor-widget-text-editor .elementor-drop-cap-letter{display:inline-block}<\/style>\t\t\t\t<ol class=\"fs28 ff1 cf3 color_20 font_8 wixui-rich-text__text\"><li class=\"wixui-rich-text__text\"><p class=\"font_8 wixui-rich-text__text\"><span class=\"wixui-rich-text__text\"><span class=\"fs28 ff1 cf3 wixui-rich-text__text\">Das Buffetangebot ist inklusive Getr\u00e4nke= Softdrink, S\u00e4fte, sowie Die Limo, Kaffee etc. alle Hei\u00dfgetr\u00e4nke\u00a0<\/span><\/span><\/p><\/li><li class=\"wixui-rich-text__text\"><p class=\"font_8 wixui-rich-text__text\"><span class=\"wixui-rich-text__text\"><span class=\"color_20 wixui-rich-text__text\"><span class=\"fs28 ff1 cf3 wixui-rich-text__text\">Das Buffetangebot ist auf 3 Stunde pro Aufenthalt begrenzt. F\u00fcr Jede weitere Stunde kostet 5,-\u20ac pro Person<\/span><\/span><\/span><\/p><\/li><li class=\"wixui-rich-text__text\"><p class=\"font_8 wixui-rich-text__text\"><span class=\"wixui-rich-text__text\"><span class=\"color_20 wixui-rich-text__text\"><span class=\"fs28 ff1 cf3 wixui-rich-text__text\">Angebot ist nicht g\u00fcltig f\u00fcr wie z.\u00df Weihnachten 24. Dez. bis 26. Dez., Silvester, Valentinstag, Ostern, Muttertag etc.<\/span><\/span><\/span><\/p><\/li><\/ol><p class=\"font_8 wixui-rich-text__text\"><span class=\"wixGuard wixui-rich-text__text\">\u200bMontag Ruhetag (au\u00dfer an Feiertagen)<\/span><\/p>\t\t\t\t\t\t<\/div>\n\t\t\t\t<\/div>\n\t\t\t\t\t<\/div>\n\t\t<\/div>\n\t\t\t\t\t\t\t<\/div>\n\t\t<\/section>\n\t\t\t\t\t<\/div>\n\t\t<\/div>\n\t\t\t\t\t\t\t<\/div>\n\t\t<\/section>\n\t\t\t\t<section class=\"elementor-section elementor-top-section elementor-element elementor-element-afb0db8 elementor-section-boxed elementor-section-height-default elementor-section-height-default\" data-id=\"afb0db8\" data-element_type=\"section\">\n\t\t\t\t\t\t<div class=\"elementor-container elementor-column-gap-no\">\n\t\t\t\t\t<div class=\"elementor-column elementor-col-33 elementor-top-column elementor-element elementor-element-505e778\" data-id=\"505e778\" data-element_type=\"column\">\n\t\t\t<div class=\"elementor-widget-wrap elementor-element-populated\">\n\t\t\t\t\t\t\t\t<div class=\"elementor-element elementor-element-859d7f4 elementor-view-framed elementor-position-top elementor-shape-circle elementor-mobile-position-top elementor-vertical-align-top elementor-widget elementor-widget-icon-box\" data-id=\"859d7f4\" data-element_type=\"widget\" data-widget_type=\"icon-box.default\">\n\t\t\t\t<div class=\"elementor-widget-container\">\n\t\t\t<link rel=\"stylesheet\" href=\"https:\/\/kaiser-pavillon-fulda.de\/wp-content\/plugins\/elementor\/assets\/css\/widget-icon-box.min.css\">\t\t<div class=\"elementor-icon-box-wrapper\">\n\t\t\t\t\t\t<div class=\"elementor-icon-box-icon\">\n\t\t\t\t<span class=\"elementor-icon elementor-animation-\" >\n\t\t\t\t<svg xmlns=\"http:\/\/www.w3.org\/2000\/svg\" xmlns:xlink=\"http:\/\/www.w3.org\/1999\/xlink\" class=\"icon\" viewBox=\"0 0 1024 1024\" width=\"200\" height=\"200\"><path d=\"M986.15978504 230.01385218l-7.11854241-7.34817312-5.05186911-5.05186883-3.44445624-3.44445666a36.28160538 36.28160538 0 0 0-51.43721277 0L288.31295886 844.96409978a36.05197508 36.05197508 0 0 0 0 51.20758204l8.4963252 8.72595574a36.28160538 36.28160538 0 0 0 51.43721253 0l303.11214572-303.1121458a103.79294675 103.79294675 0 0 0 126.06709737-15.84449853l208.73404536-208.73404579a104.02257735 104.02257735 0 0 0 0-147.19309526zM454.56537794 489.0369588a190.36361261 190.36361261 0 0 0-36.97049616-227.33410983l-144.6671607-144.43752956a25.25934555 25.25934555 0 0 0-36.05197493-1.60741322 25.71860629 25.71860629 0 0 0 1.37778275 36.28160545l176.81541811 176.81541834a22.9630412 22.9630412 0 0 1 1.37778245 31.00010595 22.9630412 22.9630412 0 0 1-31.22973619-1.14815224l-176.81541851-176.81541843a25.25934555 25.25934555 0 0 0-36.05197493-1.60741279l-10.33336877 10.33336858a25.48897579 25.48897579 0 0 0 1.60741333 36.28160554l176.58578783 176.58578791a21.12599803 21.12599803 0 1 1-29.85195364 29.85195377l-176.81541825-176.58578814a25.25934555 25.25934555 0 0 0-36.05197504-1.60741256l-10.3333685 10.33336862a25.25934555 25.25934555 0 0 0 1.60741261 36.05197453l176.81541825 176.81541869a22.9630412 22.9630412 0 0 1 1.14815226 31.22973605 22.9630412 22.9630412 0 0 1-31.00010585-1.37778231l-176.81541837-176.81541855a25.71860629 25.71860629 0 0 0-36.28160531-1.37778256l-1.3777822 1.37778256a25.48897579 25.48897579 0 0 0 1.60741247 36.0519748l139.84492186 140.07455241c64.5261458 64.29651559 160.74128934 81.74842744 231.92671754 41.56310482l67.74097191 68.88912403 60.16316879-60.16316838z\" fill=\"#000000\"><\/path><path d=\"M810.95177987 844.96409978l-165.10426717-165.10426783-59.93353817 59.93353781 165.10426723 165.1042678a36.05197508 36.05197508 0 0 0 51.20758245 0l8.72595566-8.72595574a36.05197508 36.05197508 0 0 0 0-51.20758204z\" fill=\"#000000\"><\/path><\/svg>\t\t\t\t<\/span>\n\t\t\t<\/div>\n\t\t\t\t\t\t<div class=\"elementor-icon-box-content\">\n\t\t\t\t<h5 class=\"elementor-icon-box-title\">\n\t\t\t\t\t<span  >\n\t\t\t\t\t\tMittagsbuffet\t\t\t\t\t<\/span>\n\t\t\t\t<\/h5>\n\t\t\t\t\t\t\t\t\t<p class=\"elementor-icon-box-description\">\n\t\t\t\t\t\t Dienstag \u2013 Samstag von 11:30 \u2013 15:00 Uhr \n<br>Pro Person 19,90\u20ac (inkl. Getr\u00e4nke) * <br>\nKinderpreis (3 - 10 Jahre) ab 5,50\u20ac  <br>                           \n+1,50\u20ac pro Lebensjahr <br>\n*Inkl. 1 Glas Bier, Weizenbier oder offene \nWein\t\t\t\t\t<\/p>\n\t\t\t\t\t\t\t<\/div>\n\t\t<\/div>\n\t\t\t\t<\/div>\n\t\t\t\t<\/div>\n\t\t\t\t\t<\/div>\n\t\t<\/div>\n\t\t\t\t<div class=\"elementor-column elementor-col-33 elementor-top-column elementor-element elementor-element-114ab98\" data-id=\"114ab98\" data-element_type=\"column\">\n\t\t\t<div class=\"elementor-widget-wrap elementor-element-populated\">\n\t\t\t\t\t\t\t\t<div class=\"elementor-element elementor-element-a5356c6 elementor-view-framed elementor-position-top elementor-shape-circle elementor-mobile-position-top elementor-vertical-align-top elementor-widget elementor-widget-icon-box\" data-id=\"a5356c6\" data-element_type=\"widget\" data-widget_type=\"icon-box.default\">\n\t\t\t\t<div class=\"elementor-widget-container\">\n\t\t\t\t\t<div class=\"elementor-icon-box-wrapper\">\n\t\t\t\t\t\t<div class=\"elementor-icon-box-icon\">\n\t\t\t\t<span class=\"elementor-icon elementor-animation-\" >\n\t\t\t\t<svg xmlns=\"http:\/\/www.w3.org\/2000\/svg\" xmlns:xlink=\"http:\/\/www.w3.org\/1999\/xlink\" class=\"icon\" viewBox=\"0 0 1024 1024\" width=\"200\" height=\"200\"><path d=\"M911.865083 729.518059c1.344624-13.45136 2.018983-26.732851 2.018983-40.171931 0-196.99463-142.6847-361.2803-330.120626-394.926608 14.121626-16.413831 22.669302-37.753859 22.669302-61.054541 0-51.687196-42.049698-93.737918-93.736894-93.737918s-93.738941 42.050722-93.738941 93.737918c0 23.301705 8.5487 44.641733 22.670326 61.056588-187.437973 33.651424-330.12165 197.965747-330.12165 394.972657 0 13.693884 0.697895 27.215852 2.096754 40.932248-28.26781 12.361539-48.079018 40.582277-48.079018 73.355705 0 44.128033 35.901675 80.030731 80.030731 80.030731l736.282113 0c44.128033 0 80.030731-35.902698 80.030731-80.030731C961.866894 770.169921 941.154153 741.421156 911.865083 729.518059zM512.695848 179.642426c29.622668 0 53.721529 24.099884 53.721529 53.722552 0 29.622668-24.098861 53.722552-53.721529 53.722552s-53.723575-24.099884-53.723575-53.722552C458.972273 203.742311 483.07318 179.642426 512.695848 179.642426zM512.695848 328.172251c199.151759 0 361.172853 162.099888 361.172853 361.279277 0 11.414981-0.532119 22.1116-1.609661 34.199916l-719.128431 0c-1.078565-12.087293-1.609661-22.745027-1.609661-34.146705C151.520949 490.311025 313.543066 328.172251 512.695848 328.172251zM881.836163 843.696518 145.55405 843.696518c-22.064528 0-40.015366-17.949814-40.015366-40.015366 0-20.293185 15.186887-37.093826 34.789341-39.663348l746.733139 0c19.603477 2.569522 34.789341 19.370163 34.789341 39.663348C921.851529 825.746704 903.901715 843.696518 881.836163 843.696518z\" fill=\"#000000\"><\/path><path d=\"M276.604782 532.577664c11.04966 0 20.007683-8.958022 20.007683-20.007683 0-11.234879 14.693654-34.618449 46.955428-59.415204 31.281447-24.042579 62.460564-36.621059 77.091796-36.621059 11.04966 0 20.007683-8.956999 20.007683-20.007683s-8.958022-20.007683-20.007683-20.007683c-31.737842 0-73.228815 23.199375-101.476159 44.909839-18.817578 14.46341-62.58643 52.297087-62.58643 91.14179C256.597099 523.619642 265.554098 532.577664 276.604782 532.577664z\" fill=\"#000000\"><\/path><\/svg>\t\t\t\t<\/span>\n\t\t\t<\/div>\n\t\t\t\t\t\t<div class=\"elementor-icon-box-content\">\n\t\t\t\t<h5 class=\"elementor-icon-box-title\">\n\t\t\t\t\t<span  >\n\t\t\t\t\t\tGro\u00dfes AbendB\u00fcffet\t\t\t\t\t<\/span>\n\t\t\t\t<\/h5>\n\t\t\t\t\t\t\t\t\t<p class=\"elementor-icon-box-description\">\n\t\t\t\t\t\tMit Grillspezialit\u00e4t nach Art des Hauses<br>\n Dienstag \u2013 Samstag von 17:30 \u2013 22:30 Uhr <br>\nSonntag von 11:30 \u2013 22:30 Uhr <br>\nFeiertage 11:30 \u2013 15:00 & 17:30 \u2013 22:30 Uhr <br>\nPro Person 31,90\u20ac (inkl. Getr\u00e4nke) ** <br>\n \nWochenende & Feiertagen von 17:30 \u2013 22:00 Uhr <br>\nPro Person 31,90\u20ac (inkl. Getr\u00e4nke) ** <br>\n \nKinderpreis (3 - 10 Jahre) ab 7,00\u20ac <br>                                           \n+2,00\u20ac pro Lebensjahr <br>\n**Inkl. 2 Gl\u00e4ser Bier, Weizenbier oder offene Wein\t\t\t\t\t<\/p>\n\t\t\t\t\t\t\t<\/div>\n\t\t<\/div>\n\t\t\t\t<\/div>\n\t\t\t\t<\/div>\n\t\t\t\t\t<\/div>\n\t\t<\/div>\n\t\t\t\t<div class=\"elementor-column elementor-col-33 elementor-top-column elementor-element elementor-element-a75ee62\" data-id=\"a75ee62\" data-element_type=\"column\">\n\t\t\t<div class=\"elementor-widget-wrap elementor-element-populated\">\n\t\t\t\t\t\t\t\t<div class=\"elementor-element elementor-element-708bc8e elementor-view-framed elementor-position-top elementor-shape-circle elementor-mobile-position-top elementor-vertical-align-top elementor-widget elementor-widget-icon-box\" data-id=\"708bc8e\" data-element_type=\"widget\" data-widget_type=\"icon-box.default\">\n\t\t\t\t<div class=\"elementor-widget-container\">\n\t\t\t\t\t<div class=\"elementor-icon-box-wrapper\">\n\t\t\t\t\t\t<div class=\"elementor-icon-box-icon\">\n\t\t\t\t<span class=\"elementor-icon elementor-animation-\" >\n\t\t\t\t<svg xmlns=\"http:\/\/www.w3.org\/2000\/svg\" xmlns:xlink=\"http:\/\/www.w3.org\/1999\/xlink\" class=\"icon\" viewBox=\"0 0 1024 1024\" width=\"200\" height=\"200\"><path d=\"M512 816.065306c-54.857143 0-106.057143-21.420408-144.718367-60.081633-8.359184-8.359184-8.359184-21.420408 0-29.779591 8.359184-8.359184 21.420408-8.359184 29.779591 0 30.82449 30.82449 71.57551 47.542857 115.461225 47.542857s84.636735-16.718367 115.461224-47.542857c8.359184-8.359184 21.420408-8.359184 29.779592 0 8.359184 8.359184 8.359184 21.420408 0 29.779591-39.706122 38.661224-90.906122 60.081633-145.763265 60.081633z\" fill=\"#333333\"><\/path><path d=\"M512 920.555102c-140.016327 0-265.926531-85.159184-318.693878-213.159184-54.334694 3.134694-99.265306-40.75102-99.265306-94.040816 0-46.497959 33.959184-85.159184 78.367347-92.995918 21.942857-132.702041 121.730612-242.938776 252.865306-276.89796 10.971429-3.134694 22.465306 3.657143 25.6 15.151021 3.134694 10.971429-3.657143 22.465306-15.15102 25.6-120.163265 31.346939-210.546939 135.314286-224.130612 258.612245-1.044898 10.971429-10.44898 18.808163-21.420408 18.285714h-1.567347c-28.734694 0-52.244898 23.510204-52.244898 52.767347s23.510204 52.767347 52.767347 52.767347c4.179592 0 8.881633-0.522449 13.061224-1.567347 10.44898-2.612245 21.420408 3.134694 25.077551 13.061225 42.840816 120.685714 157.257143 201.665306 285.257143 201.665306s242.938776-80.979592 285.257143-201.665306c3.657143-10.44898 14.628571-16.195918 25.077551-13.061225 4.702041 1.044898 8.881633 1.567347 13.061224 1.567347 29.257143 0 52.767347-23.510204 52.767347-52.767347s-23.510204-52.767347-52.767347-52.767347h-1.567347c-10.971429 0-20.37551-7.836735-21.420408-18.285714-14.106122-123.297959-103.967347-227.265306-224.130612-258.612245-10.971429-3.134694-17.763265-14.106122-15.15102-25.6s14.106122-17.763265 25.6-15.151021c131.134694 33.959184 230.922449 144.195918 252.865306 276.89796 44.408163 7.836735 78.367347 46.497959 78.367347 92.995918 0 52.244898-42.318367 94.563265-94.563266 94.563265h-4.70204c-53.289796 128-179.2 212.636735-319.216327 212.636735z\" fill=\"#333333\"><\/path><path d=\"M383.477551 545.959184m-36.571429 0a36.571429 36.571429 0 1 0 73.142858 0 36.571429 36.571429 0 1 0-73.142858 0Z\" fill=\"#333333\"><\/path><path d=\"M642.089796 545.959184m-36.571429 0a36.571429 36.571429 0 1 0 73.142857 0 36.571429 36.571429 0 1 0-73.142857 0Z\" fill=\"#333333\"><\/path><path d=\"M512 402.285714c-56.42449 0-102.4-43.885714-102.4-98.220408 0-71.57551 41.273469-141.583673 115.983673-196.963265 6.269388-4.702041 14.628571-5.22449 21.942858-2.089796 6.791837 3.657143 11.493878 10.971429 11.493877 18.808163 0 48.587755 13.061224 69.485714 27.167347 91.428572 13.583673 20.897959 28.734694 44.930612 28.734694 88.816326C614.4 358.4 568.42449 402.285714 512 402.285714z m8.359184-236.669387c-33.436735 31.346939-68.963265 78.889796-68.963266 138.448979 0 31.346939 27.167347 56.42449 60.604082 56.42449 33.436735 0 60.604082-25.6 60.604082-56.42449 0-31.869388-9.926531-47.020408-21.942858-65.828571-10.971429-17.763265-24.032653-38.138776-30.30204-72.620408z\" fill=\"#333333\"><\/path><\/svg>\t\t\t\t<\/span>\n\t\t\t<\/div>\n\t\t\t\t\t\t<div class=\"elementor-icon-box-content\">\n\t\t\t\t<h5 class=\"elementor-icon-box-title\">\n\t\t\t\t\t<span  >\n\t\t\t\t\t\tKinder unter 3 Jahren\t\t\t\t\t<\/span>\n\t\t\t\t<\/h5>\n\t\t\t\t\t\t\t\t\t<p class=\"elementor-icon-box-description\">\n\t\t\t\t\t\tkostenlos\t\t\t\t\t<\/p>\n\t\t\t\t\t\t\t<\/div>\n\t\t<\/div>\n\t\t\t\t<\/div>\n\t\t\t\t<\/div>\n\t\t\t\t\t<\/div>\n\t\t<\/div>\n\t\t\t\t\t\t\t<\/div>\n\t\t<\/section>\n\t\t\t\t\t\t\t<\/div>\n\t\t","protected":false},"excerpt":{"rendered":"<p>buffet Wir freuen uns auf Ihre Reservierung Das Buffeta &hellip;<\/p>\n<p class=\"read-more\"> <a class=\"\" href=\"https:\/\/kaiser-pavillon-fulda.de\/index.php\/buffet\/\"> <span class=\"screen-reader-text\">Buffet<\/span> \u67e5\u770b\u5168\u6587 &raquo;<\/a><\/p>\n","protected":false},"author":1,"featured_media":0,"parent":0,"menu_order":0,"comment_status":"closed","ping_status":"closed","template":"","meta":{"site-sidebar-layout":"no-sidebar","site-content-layout":"page-builder","ast-global-header-display":"","ast-main-header-display":"","ast-hfb-above-header-display":"","ast-hfb-below-header-display":"","ast-hfb-mobile-header-display":"","site-post-title":"disabled","ast-breadcrumbs-content":"","ast-featured-img":"disabled","footer-sml-layout":"","theme-transparent-header-meta":"enabled","adv-header-id-meta":"","stick-header-meta":"","header-above-stick-meta":"","header-main-stick-meta":"","header-below-stick-meta":"","footnotes":""},"_links":{"self":[{"href":"https:\/\/kaiser-pavillon-fulda.de\/index.php\/wp-json\/wp\/v2\/pages\/114"}],"collection":[{"href":"https:\/\/kaiser-pavillon-fulda.de\/index.php\/wp-json\/wp\/v2\/pages"}],"about":[{"href":"https:\/\/kaiser-pavillon-fulda.de\/index.php\/wp-json\/wp\/v2\/types\/page"}],"author":[{"embeddable":true,"href":"https:\/\/kaiser-pavillon-fulda.de\/index.php\/wp-json\/wp\/v2\/users\/1"}],"replies":[{"embeddable":true,"href":"https:\/\/kaiser-pavillon-fulda.de\/index.php\/wp-json\/wp\/v2\/comments?post=114"}],"version-history":[{"count":20,"href":"https:\/\/kaiser-pavillon-fulda.de\/index.php\/wp-json\/wp\/v2\/pages\/114\/revisions"}],"predecessor-version":[{"id":513,"href":"https:\/\/kaiser-pavillon-fulda.de\/index.php\/wp-json\/wp\/v2\/pages\/114\/revisions\/513"}],"wp:attachment":[{"href":"https:\/\/kaiser-pavillon-fulda.de\/index.php\/wp-json\/wp\/v2\/media?parent=114"}],"curies":[{"name":"wp","href":"https:\/\/api.w.org\/{rel}","templated":true}]}}